{"id":390,"date":"2024-09-16T03:04:12","date_gmt":"2024-09-16T06:04:12","guid":{"rendered":"https:\/\/sergiobezerra.com.br\/?page_id=390"},"modified":"2024-09-17T22:41:35","modified_gmt":"2024-09-18T01:41:35","slug":"sobre","status":"publish","type":"page","link":"https:\/\/sergiobezerra.com.br\/index.php\/sobre\/","title":{"rendered":"Sobre"},"content":{"rendered":"\n<p>Hist\u00f3rico Profissional<br>Apaixonado por Tecnologia desde a inf\u00e2ncia, desde os primeiros contatos com o v\u00eddeo game Atari, minha curiosidade foi despertada, \u201cComo os jogos eram feitos?\u201d<\/p>\n\n\n\n<p>Com o despertar da curiosidade, adquiri a Revista Mikro, que continha todas as informa\u00e7\u00f5es sobre computadores da \u00e9poca. O Primeiro contato foi com um TK90X, um computador simples com Basic de Linhas, com ele comecei o desenvolvimento dos meus primeiros jogos e programas simples para calcular quantos segundos j\u00e1 vivemos, etc,<\/p>\n\n\n\n<p>Em 1990 comecei a estudar a linguagem dBase III plus e Clipper Summer 87 e desenvolver meus primeiros sistemas comerciais, como:<\/p>\n\n\n\n<p>Sistema para V\u00eddeo Locadora<br>Sistema para Loja de Materiais de Constru\u00e7\u00e3o<br>Sistema para Loja de Eletr\u00f4nicos<br>Sistema para Controle de Alunos<\/p>\n\n\n\n<p>Sistemas com interface gr\u00e1fica<br>Com a chegada do Windows 3.0 e Windows 3.11, os clientes passaram a ser mais exigentes, querendo programas com interface que interagisse com o mouse, passei ent\u00e3o a estudar linguagens visuais, comprei o primeiro livro (em ingl\u00eas) do Visual Basic, ou como cham\u00e1vamos de VB, ent\u00e3o surgiu a minha primeira cria\u00e7\u00e3o, um Sistema de Gerenciamento Para Video Locadora, o SG-Loc, era um sistema arrojado, com fotos das capas das fitas VHS e sinopse dos filmes, tinha um m\u00f3dulo para terminal de consulta e um sistema que integrava com canetas \u00f3pticas para leitura dos c\u00f3digos de barras. Era sensacional!<\/p>\n\n\n\n<p>Os sistemas escolares tamb\u00e9m n\u00e3o escaparam da evolu\u00e7\u00e3o, o novo sistema para Gest\u00e3o Escolar era fascinante para a \u00e9poca, uma interface permitia utilizar o scanner para capturar as fotos 3 x 4 dos alunos e cadastrar na Ficha digital, esse tamb\u00e9m possu\u00eda um m\u00f3dulo para terminal de consulta, para que os alunos pudessem consultar suas notas sem a necessidade de solicitar na secretaria, entre v\u00e1rias fun\u00e7\u00f5es.<\/p>\n\n\n\n<p>Hoje em dia esses sistemas s\u00e3o obsoletos, mas na \u00e9poca foi um avan\u00e7o.<\/p>\n","protected":false},"excerpt":{"rendered":"<p>Hist\u00f3rico ProfissionalApaixonado por Tecnologia desde a inf\u00e2ncia, desde os primeiros contatos com o v\u00eddeo game Atari, minha curiosidade foi despertada, \u201cComo os jogos eram feitos?\u201d Com o despertar da curiosidade, adquiri a Revista Mikro, que continha todas as informa\u00e7\u00f5es sobre<\/p>\n","protected":false},"author":1,"featured_media":0,"parent":0,"menu_order":0,"comment_status":"closed","ping_status":"closed","template":"","meta":{"footnotes":""},"class_list":["post-390","page","type-page","status-publish","hentry"],"_links":{"self":[{"href":"https:\/\/sergiobezerra.com.br\/index.php\/wp-json\/wp\/v2\/pages\/390","targetHints":{"allow":["GET"]}}],"collection":[{"href":"https:\/\/sergiobezerra.com.br\/index.php\/wp-json\/wp\/v2\/pages"}],"about":[{"href":"https:\/\/sergiobezerra.com.br\/index.php\/wp-json\/wp\/v2\/types\/page"}],"author":[{"embeddable":true,"href":"https:\/\/sergiobezerra.com.br\/index.php\/wp-json\/wp\/v2\/users\/1"}],"replies":[{"embeddable":true,"href":"https:\/\/sergiobezerra.com.br\/index.php\/wp-json\/wp\/v2\/comments?post=390"}],"version-history":[{"count":2,"href":"https:\/\/sergiobezerra.com.br\/index.php\/wp-json\/wp\/v2\/pages\/390\/revisions"}],"predecessor-version":[{"id":408,"href":"https:\/\/sergiobezerra.com.br\/index.php\/wp-json\/wp\/v2\/pages\/390\/revisions\/408"}],"wp:attachment":[{"href":"https:\/\/sergiobezerra.com.br\/index.php\/wp-json\/wp\/v2\/media?parent=390"}],"curies":[{"name":"wp","href":"https:\/\/api.w.org\/{rel}","templated":true}]}}